{"id":667,"date":"2023-11-30T14:13:16","date_gmt":"2023-11-30T14:13:16","guid":{"rendered":"https:\/\/martiline.com.pe\/?page_id=667"},"modified":"2023-11-30T14:17:16","modified_gmt":"2023-11-30T14:17:16","slug":"politica-de-calidad","status":"publish","type":"page","link":"https:\/\/martiline.com.pe\/index.php\/politica-de-calidad\/","title":{"rendered":"POLITICA DE CALIDAD"},"content":{"rendered":"\t\t<div data-elementor-type=\"wp-page\" data-elementor-id=\"667\" class=\"elementor elementor-667\">\n\t\t\t\t\t\t\t\t\t<section class=\"elementor-section elementor-top-section elementor-element elementor-element-171bf408 elementor-section-stretched elementor-section-boxed elementor-section-height-default elementor-section-height-default\" data-id=\"171bf408\" data-element_type=\"section\" data-settings=\"{&quot;stretch_section&quot;:&quot;section-stretched&quot;,&quot;background_background&quot;:&quot;gradient&quot;,&quot;shape_divider_bottom&quot;:&quot;waves&quot;}\">\n\t\t\t\t\t\t\t<div class=\"elementor-background-overlay\"><\/div>\n\t\t\t\t\t\t<div class=\"elementor-shape elementor-shape-bottom\" data-negative=\"false\">\n\t\t\t<svg xmlns=\"http:\/\/www.w3.org\/2000\/svg\" viewBox=\"0 0 1000 100\" preserveAspectRatio=\"none\">\n\t<path class=\"elementor-shape-fill\" d=\"M421.9,6.5c22.6-2.5,51.5,0.4,75.5,5.3c23.6,4.9,70.9,23.5,100.5,35.7c75.8,32.2,133.7,44.5,192.6,49.7\n\tc23.6,2.1,48.7,3.5,103.4-2.5c54.7-6,106.2-25.6,106.2-25.6V0H0v30.3c0,0,72,32.6,158.4,30.5c39.2-0.7,92.8-6.7,134-22.4\n\tc21.2-8.1,52.2-18.2,79.7-24.2C399.3,7.9,411.6,7.5,421.9,6.5z\"\/>\n<\/svg>\t\t<\/div>\n\t\t\t\t\t<div class=\"elementor-container elementor-column-gap-default\">\n\t\t\t\t\t<div class=\"elementor-column elementor-col-100 elementor-top-column elementor-element elementor-element-389acf41\" data-id=\"389acf41\" data-element_type=\"column\">\n\t\t\t<div class=\"elementor-widget-wrap elementor-element-populated\">\n\t\t\t\t\t\t\t\t<div class=\"elementor-element elementor-element-4acbaeff elementor-widget elementor-widget-heading\" data-id=\"4acbaeff\" data-element_type=\"widget\" data-widget_type=\"heading.default\">\n\t\t\t\t<div class=\"elementor-widget-container\">\n\t\t\t<style>\/*! elementor - v3.12.1 - 02-04-2023 *\/\n.elementor-heading-title{padding:0;margin:0;line-height:1}.elementor-widget-heading .elementor-heading-title[class*=elementor-size-]>a{color:inherit;font-size:inherit;line-height:inherit}.elementor-widget-heading .elementor-heading-title.elementor-size-small{font-size:15px}.elementor-widget-heading .elementor-heading-title.elementor-size-medium{font-size:19px}.elementor-widget-heading .elementor-heading-title.elementor-size-large{font-size:29px}.elementor-widget-heading .elementor-heading-title.elementor-size-xl{font-size:39px}.elementor-widget-heading .elementor-heading-title.elementor-size-xxl{font-size:59px}<\/style><h3 class=\"elementor-heading-title elementor-size-default\">POL\u00cdTICA DE CALIDAD<\/h3>\t\t<\/div>\n\t\t\t\t<\/div>\n\t\t\t\t\t<\/div>\n\t\t<\/div>\n\t\t\t\t\t\t\t<\/div>\n\t\t<\/section>\n\t\t\t\t<section class=\"elementor-section elementor-top-section elementor-element elementor-element-1f26b956 elementor-section-stretched elementor-section-boxed elementor-section-height-default elementor-section-height-default\" data-id=\"1f26b956\" data-element_type=\"section\" data-settings=\"{&quot;stretch_section&quot;:&quot;section-stretched&quot;}\">\n\t\t\t\t\t\t<div class=\"elementor-container elementor-column-gap-default\">\n\t\t\t\t\t<div class=\"elementor-column elementor-col-100 elementor-top-column elementor-element elementor-element-72489eb5\" data-id=\"72489eb5\" data-element_type=\"column\">\n\t\t\t<div class=\"elementor-widget-wrap elementor-element-populated\">\n\t\t\t\t\t\t\t\t<div class=\"elementor-element elementor-element-260c4c5 elementor-widget elementor-widget-text-editor\" data-id=\"260c4c5\" data-element_type=\"widget\" data-widget_type=\"text-editor.default\">\n\t\t\t\t<div class=\"elementor-widget-container\">\n\t\t\t<style>\/*! elementor - v3.12.1 - 02-04-2023 *\/\n.elementor-widget-text-editor.elementor-drop-cap-view-stacked .elementor-drop-cap{background-color:#69727d;color:#fff}.elementor-widget-text-editor.elementor-drop-cap-view-framed .elementor-drop-cap{color:#69727d;border:3px solid;background-color:transparent}.elementor-widget-text-editor:not(.elementor-drop-cap-view-default) .elementor-drop-cap{margin-top:8px}.elementor-widget-text-editor:not(.elementor-drop-cap-view-default) .elementor-drop-cap-letter{width:1em;height:1em}.elementor-widget-text-editor .elementor-drop-cap{float:left;text-align:center;line-height:1;font-size:50px}.elementor-widget-text-editor .elementor-drop-cap-letter{display:inline-block}<\/style>\t\t\t\t<p><strong>MARTILINE S.A.C<\/strong>. es una empresa orientada a brindar servicios de log\u00edstica global en importaci\u00f3n de carga, asegurando la disponibilidad de recursos para apoyar las operaciones tanto en su mercado nacional como internacional. Por lo tanto, incorpora a sus procesos un sistema de gesti\u00f3n de calidad basado en la norma ISO 9001:2015, comprometi\u00e9ndose a:<\/p><ul><li><em>Satisfacer los requerimientos de sus clientes entregando los servicios de manera oportuna seg\u00fan los plazos acordados, con atenci\u00f3n personalizada y a precios competitivos, definido en las condiciones comerciales.<\/em><\/li><\/ul><ul><li><em>Tener disponible los recursos y la informaci\u00f3n necesaria para apoyar las operaciones de transporte en los mercados donde opera, por medio de un personal competente y la aplicaci\u00f3n de procesos eficaces, permitiendo alcanzar los resultados planificados.<\/em><\/li><\/ul><ul><li><em>Cumplir con la legislaci\u00f3n vigente, otros requisitos que la empresa suscriba incluidas las partes interesadas.<\/em><\/li><\/ul><ul><li><em>Mejorar continuamente los procesos y asignar de manera eficaz funciones y responsabilidades, con el objetivo de favorecer la reducci\u00f3n de riesgos y detectar aquellas desviaciones que pudieran producirse, para implantar los mecanismos de actuaci\u00f3n adecuados consiguiendo mejorar la eficacia del sistema.<\/em><\/li><\/ul><p>La empresa establece todos los recursos necesarios para que esta pol\u00edtica sea conocida, entendida y llevada a la pr\u00e1ctica por todos los niveles de la empresa, y de ella se desprenda el marco referencial para establecer los objetivos de calidad.<\/p><p>\u00a0<\/p><p><strong>Gerente General <br \/><\/strong>02-08-2023<\/p><p>.<\/p>\t\t\t\t\t\t<\/div>\n\t\t\t\t<\/div>\n\t\t\t\t\t<\/div>\n\t\t<\/div>\n\t\t\t\t\t\t\t<\/div>\n\t\t<\/section>\n\t\t\t\t\t\t\t<\/div>\n\t\t","protected":false},"excerpt":{"rendered":"<p>POL\u00cdTICA DE CALIDAD MARTILINE S.A.C. es una empresa orientada a brindar servicios de log\u00edstica global en importaci\u00f3n de carga, asegurando la disponibilidad de recursos para apoyar<span class=\"excerpt-hellip\"> [\u2026]<\/span><\/p>\n","protected":false},"author":1,"featured_media":0,"parent":0,"menu_order":0,"comment_status":"closed","ping_status":"closed","template":"","meta":[],"_links":{"self":[{"href":"https:\/\/martiline.com.pe\/index.php\/wp-json\/wp\/v2\/pages\/667"}],"collection":[{"href":"https:\/\/martiline.com.pe\/index.php\/wp-json\/wp\/v2\/pages"}],"about":[{"href":"https:\/\/martiline.com.pe\/index.php\/wp-json\/wp\/v2\/types\/page"}],"author":[{"embeddable":true,"href":"https:\/\/martiline.com.pe\/index.php\/wp-json\/wp\/v2\/users\/1"}],"replies":[{"embeddable":true,"href":"https:\/\/martiline.com.pe\/index.php\/wp-json\/wp\/v2\/comments?post=667"}],"version-history":[{"count":7,"href":"https:\/\/martiline.com.pe\/index.php\/wp-json\/wp\/v2\/pages\/667\/revisions"}],"predecessor-version":[{"id":678,"href":"https:\/\/martiline.com.pe\/index.php\/wp-json\/wp\/v2\/pages\/667\/revisions\/678"}],"wp:attachment":[{"href":"https:\/\/martiline.com.pe\/index.php\/wp-json\/wp\/v2\/media?parent=667"}],"curies":[{"name":"wp","href":"https:\/\/api.w.org\/{rel}","templated":true}]}}